{"id":71,"date":"2025-05-15T14:13:03","date_gmt":"2025-05-15T12:13:03","guid":{"rendered":"https:\/\/ravennamosaics.com\/?page_id=71"},"modified":"2025-05-15T14:13:03","modified_gmt":"2025-05-15T12:13:03","slug":"imprint","status":"publish","type":"page","link":"https:\/\/www.ravennamosaics.com\/pt\/imprint\/","title":{"rendered":"Impress\u00e3o"},"content":{"rendered":"<p>Patrick K\u00fchne<br>Kolpingstr. 12<br>04416 Markkleeberg<\/p>\n\n\n\n<h2 class=\"wp-block-heading\">Contactar-nos<\/h2>\n\n\n\n<p>Correio eletr\u00f3nico: patrick@101places.de.de<\/p>\n\n\n\n<h2 class=\"wp-block-heading\">ID do imposto sobre vendas<\/h2>\n\n\n\n<p>N\u00famero de identifica\u00e7\u00e3o fiscal de acordo com o \u00a7 27 da lei relativa ao imposto sobre as vendas:<br>DE251359457<\/p>\n\n\n\n<h2 class=\"wp-block-heading\">Resolu\u00e7\u00e3o de lit\u00edgios de consumo<\/h2>\n\n\n\n<p>N\u00e3o estamos dispostos ou obrigados a participar em processos de resolu\u00e7\u00e3o de lit\u00edgios perante uma comiss\u00e3o de arbitragem de consumidores.<\/p>","protected":false},"excerpt":{"rendered":"<p>Patrick K\u00fchneKolpingstr. 1204416 Markkleeberg Contacto Email: patrick@101places.de.de N\u00famero de identifica\u00e7\u00e3o de IVA N\u00famero de identifica\u00e7\u00e3o de IVA de acordo com o \u00a7 27 a Umsatzsteuergesetz:DE251359457 Resolu\u00e7\u00e3o de lit\u00edgios de consumo N\u00e3o estamos dispostos ou obrigados a participar em processos de resolu\u00e7\u00e3o de lit\u00edgios perante uma comiss\u00e3o de arbitragem de consumidores.<\/p>","protected":false},"author":1,"featured_media":0,"parent":0,"menu_order":0,"comment_status":"closed","ping_status":"closed","template":"","meta":{"footnotes":""},"class_list":["post-71","page","type-page","status-publish"],"aioseo_notices":[],"_links":{"self":[{"href":"https:\/\/www.ravennamosaics.com\/pt\/wp-json\/wp\/v2\/pages\/71","targetHints":{"allow":["GET"]}}],"collection":[{"href":"https:\/\/www.ravennamosaics.com\/pt\/wp-json\/wp\/v2\/pages"}],"about":[{"href":"https:\/\/www.ravennamosaics.com\/pt\/wp-json\/wp\/v2\/types\/page"}],"author":[{"embeddable":true,"href":"https:\/\/www.ravennamosaics.com\/pt\/wp-json\/wp\/v2\/users\/1"}],"replies":[{"embeddable":true,"href":"https:\/\/www.ravennamosaics.com\/pt\/wp-json\/wp\/v2\/comments?post=71"}],"version-history":[{"count":1,"href":"https:\/\/www.ravennamosaics.com\/pt\/wp-json\/wp\/v2\/pages\/71\/revisions"}],"predecessor-version":[{"id":72,"href":"https:\/\/www.ravennamosaics.com\/pt\/wp-json\/wp\/v2\/pages\/71\/revisions\/72"}],"wp:attachment":[{"href":"https:\/\/www.ravennamosaics.com\/pt\/wp-json\/wp\/v2\/media?parent=71"}],"curies":[{"name":"wp","href":"https:\/\/api.w.org\/{rel}","templated":true}]}}