{"id":71,"date":"2025-05-15T14:13:03","date_gmt":"2025-05-15T12:13:03","guid":{"rendered":"https:\/\/ravennamosaics.com\/?page_id=71"},"modified":"2025-05-15T14:13:03","modified_gmt":"2025-05-15T12:13:03","slug":"imprint","status":"publish","type":"page","link":"https:\/\/www.ravennamosaics.com\/es\/imprint\/","title":{"rendered":"Informaci\u00f3n legal"},"content":{"rendered":"<p>Patrick K\u00fchne<br>Kolpingstr. 12<br>04416 Markkleeberg<\/p>\n\n\n\n<h2 class=\"wp-block-heading\">P\u00f3ngase en contacto con nosotros<\/h2>\n\n\n\n<p>Correo electr\u00f3nico: patrick@101places.de.de<\/p>\n\n\n\n<h2 class=\"wp-block-heading\">N\u00famero de identificaci\u00f3n fiscal<\/h2>\n\n\n\n<p>N\u00famero de identificaci\u00f3n fiscal conforme al art\u00edculo 27 a de la Ley del impuesto sobre el volumen de negocios:<br>DE251359457<\/p>\n\n\n\n<h2 class=\"wp-block-heading\">Resoluci\u00f3n de litigios en materia de consumo<\/h2>\n\n\n\n<p>No estamos dispuestos ni obligados a participar en procedimientos de resoluci\u00f3n de litigios ante una junta arbitral de consumo.<\/p>","protected":false},"excerpt":{"rendered":"<p>Patrick K\u00fchneKolpingstr. 1204416 Markkleeberg Contacto Correo electr\u00f3nico: patrick@101places.de.de CIF N\u00famero de identificaci\u00f3n a efectos del IVA con arreglo al art\u00edculo 27 a de la Umsatzsteuergesetz:DE251359457 Resoluci\u00f3n de litigios en materia de consumo No estamos dispuestos ni obligados a participar en procedimientos de resoluci\u00f3n de litigios ante una junta arbitral de consumo.<\/p>","protected":false},"author":1,"featured_media":0,"parent":0,"menu_order":0,"comment_status":"closed","ping_status":"closed","template":"","meta":{"footnotes":""},"class_list":["post-71","page","type-page","status-publish"],"aioseo_notices":[],"_links":{"self":[{"href":"https:\/\/www.ravennamosaics.com\/es\/wp-json\/wp\/v2\/pages\/71","targetHints":{"allow":["GET"]}}],"collection":[{"href":"https:\/\/www.ravennamosaics.com\/es\/wp-json\/wp\/v2\/pages"}],"about":[{"href":"https:\/\/www.ravennamosaics.com\/es\/wp-json\/wp\/v2\/types\/page"}],"author":[{"embeddable":true,"href":"https:\/\/www.ravennamosaics.com\/es\/wp-json\/wp\/v2\/users\/1"}],"replies":[{"embeddable":true,"href":"https:\/\/www.ravennamosaics.com\/es\/wp-json\/wp\/v2\/comments?post=71"}],"version-history":[{"count":1,"href":"https:\/\/www.ravennamosaics.com\/es\/wp-json\/wp\/v2\/pages\/71\/revisions"}],"predecessor-version":[{"id":72,"href":"https:\/\/www.ravennamosaics.com\/es\/wp-json\/wp\/v2\/pages\/71\/revisions\/72"}],"wp:attachment":[{"href":"https:\/\/www.ravennamosaics.com\/es\/wp-json\/wp\/v2\/media?parent=71"}],"curies":[{"name":"wp","href":"https:\/\/api.w.org\/{rel}","templated":true}]}}